{"id":3362,"date":"2016-06-15T03:49:40","date_gmt":"2016-06-15T03:49:40","guid":{"rendered":"http:\/\/www.trockenliegeplatze.com\/dev\/blog-masonry\/"},"modified":"2022-12-01T07:26:06","modified_gmt":"2022-12-01T07:26:06","slug":"blog-masonry","status":"publish","type":"page","link":"http:\/\/www.trockenliegeplatze.com\/de\/blog-masonry\/","title":{"rendered":"Blog Masonry"},"content":{"rendered":"<p>[vc_row rt_row_background_width=&#8220;fullwidth&#8220; rt_row_content_width=&#8220;fullwidth&#8220; rt_row_style=&#8220;default-style&#8220; rt_row_height=&#8220;min_height&#8220; rt_holder_placement=&#8220;middle&#8220; rt_row_borders=&#8220;&#8220; rt_row_shadows=&#8220;&#8220; rt_column_gaps=&#8220;&#8220; rt_row_paddings=&#8220;true&#8220; rt_bg_effect=&#8220;classic&#8220; rt_transparent_bg=&#8220;&#8220; rt_bg_image_repeat=&#8220;repeat&#8220; rt_bg_size=&#8220;cover&#8220; rt_bg_position=&#8220;right top&#8220; rt_bg_attachment=&#8220;scroll&#8220; rt_bg_video_format=&#8220;self-hosted&#8220; rt_min_row_height=&#8220;500&#8243; rt_bg_color=&#8220;#f4f4f4&#8243;][vc_column rt_col_paddings=&#8220;true&#8220; rt_wrp_col_paddings=&#8220;false&#8220; rt_column_shadow=&#8220;&#8220; rt_border_top=&#8220;&#8220; rt_border_bottom=&#8220;&#8220; rt_border_left=&#8220;&#8220; rt_border_right=&#8220;&#8220; rt_border_top_mobile=&#8220;&#8220; rt_border_bottom_mobile=&#8220;&#8220; rt_border_left_mobile=&#8220;&#8220; rt_border_right_mobile=&#8220;&#8220; rt_bg_image_repeat=&#8220;repeat&#8220; rt_bg_size=&#8220;auto auto&#8220; rt_bg_position=&#8220;right top&#8220; rt_bg_attachment=&#8220;scroll&#8220; rt_padding_top=&#8220;40&#8243; rt_padding_bottom=&#8220;40&#8243; rt_bg_color=&#8220;&#8220; rt_bg_overlay_color=&#8220;&#8220;]<div class=\"rt_heading_wrapper style-7\">\n\t\t\t\t\t\t<h1 class=\"rt_heading  aligncenter heading-font style-7\"  style=\"font-size:50px;line-height:70px;\">Mitan marina Blog List<\/h1> \n\t\t\t\t\t<\/div><div class=\"rt_heading_wrapper style-7\">\n\t\t\t\t\t\t<p class=\"rt_heading  aligncenter primary-color secondary-font style-7\"  style=\"font-size:20px;\">Bleiben Sie auf dem Laufenden, indem Sie unseren Blog lesen<\/p> \n\t\t\t\t\t<\/div>[\/vc_column][\/vc_row][vc_row rt_row_background_width=&#8220;fullwidth&#8220; rt_row_content_width=&#8220;default&#8220; rt_row_style=&#8220;default-style&#8220; rt_row_height=&#8220;&#8220; rt_row_borders=&#8220;&#8220; rt_row_shadows=&#8220;&#8220; rt_column_gaps=&#8220;&#8220; rt_row_paddings=&#8220;true&#8220; rt_bg_effect=&#8220;shape&#8220; rt_bg_shape=&#8220;cross-right&#8220; rt_bg_custom_alignment=&#8220;top&#8220; rt_transparent_bg=&#8220;&#8220; rt_bg_image_repeat=&#8220;repeat&#8220; rt_bg_size=&#8220;cover&#8220; rt_bg_position=&#8220;right top&#8220; rt_bg_video_format=&#8220;self-hosted&#8220; rt_padding_top=&#8220;40&#8243; rt_padding_bottom=&#8220;40&#8243; rt_bg_shape_color=&#8220;#f4f4f4&#8243;][vc_column rt_col_paddings=&#8220;false&#8220; rt_wrp_col_paddings=&#8220;false&#8220; rt_column_shadow=&#8220;&#8220; rt_border_top=&#8220;&#8220; rt_border_bottom=&#8220;&#8220; rt_border_left=&#8220;&#8220; rt_border_right=&#8220;&#8220; rt_border_top_mobile=&#8220;&#8220; rt_border_bottom_mobile=&#8220;&#8220; rt_border_left_mobile=&#8220;&#8220; rt_border_right_mobile=&#8220;&#8220; rt_bg_image_repeat=&#8220;repeat&#8220; rt_bg_size=&#8220;auto auto&#8220; rt_bg_position=&#8220;right top&#8220; rt_bg_attachment=&#8220;scroll&#8220; rt_bg_color=&#8220;&#8220; rt_bg_overlay_color=&#8220;&#8220;]\n<div id=\"blog-dynamicID-174081\" class=\"blog_list clearfix masonry-gallery\" data-column-width=\"2\">\n<article id=\"3374\" class=\"col col-sm-6 rt-dynamic post-3374 post type-post status-publish format-standard has-post-thumbnail hentry category-news-de\">\n \n\n<!-- blog box-->\n\n\t\t<figure class=\"featured_image featured_media\">\n\t\t<a id=\"lightbox-802494\" class=\"imgeffect zoom rt_lightbox featured_image\" data-gal-id=\"image_3341\" data-rel=\"rt_lightbox\" title=\"Enlarge Image\" data-title=\"F\u00fcnf Jahre Marina Mitan: ein Synonym f\u00fcr Qualit\u00e4t, Sicherheit, Angebot und Sauberkeit\" data-sub-html=\"\" data-src=\"\" data-width=\"\" data-height=\"\" data-poster=\"\" data-autoplay=\"\" data-audiotitle=\"\" data-download-url=\"false\" href=\"http:\/\/www.trockenliegeplatze.com\/wp-content\/uploads\/2022\/09\/Screenshot-2022-08-08-at-10.45.51.png\"><img decoding=\"async\" src=\"http:\/\/www.trockenliegeplatze.com\/wp-content\/uploads\/2022\/09\/Screenshot-2022-08-08-at-10.45.51-900x596.png\" alt=\"\" class=\"\" \/><\/a>\t\t\n\t<\/figure> \n\t\n\n\t\n\t<div class=\"entry-content text no-post-sidebar\">\n\n\t\t<!-- blog headline-->\n\t\t<h2 class=\"entry-title\"><a href=\"http:\/\/www.trockenliegeplatze.com\/de\/2022\/09\/19\/five-years-of-mitan-marina-a-synonym-for-quality-safety-offer-and-cleanliness\/\" rel=\"bookmark\">F\u00fcnf Jahre Marina Mitan: ein Synonym f\u00fcr Qualit\u00e4t, Sicherheit, Angebot und Sauberkeit<\/a><\/h2> \n\t\t\t\t\n\t\t\r\n\t\t<!-- meta data -->\r\n\t\t<div class=\"post_data\">\r\n\r\n\t\t\t\t\t\t<!-- date -->                                     \r\n\t\t\t<span class=\"icon-line-clock date margin-right20\"><a href=\"http:\/\/www.trockenliegeplatze.com\/de\/2022\/09\/19\/five-years-of-mitan-marina-a-synonym-for-quality-safety-offer-and-cleanliness\/\">September 19, 2022<\/a><\/span>\r\n\t\t\t\t\t\t\t\r\n\r\n\t\t\t\t\t\t\t\r\n\t\t\t\t\t\t<!-- categories -->\r\n\t\t\t<span class=\"icon-flow-cascade categories\"><a href=\"http:\/\/www.trockenliegeplatze.com\/de\/category\/news-de\/\" rel=\"category tag\">News<\/a><\/span>\r\n\t\t\t\r\n\t\t\t\r\n\t\t\t\r\n\t\t\t\t\t\t\t<span class=\"social_share icon-line-share\"><ul><li class=\"mail\"><a class=\"icon-mail \" href=\"mailto:?body=http%3A%2F%2Fwww.trockenliegeplatze.com%2Fde%2F2022%2F09%2F19%2Ffive-years-of-mitan-marina-a-synonym-for-quality-safety-offer-and-cleanliness%2F\" title=\"Email\"><span>Email<\/span><\/a><\/li><li class=\"twitter\"><a class=\"icon-twitter \" href=\"#\" data-url=\"http:\/\/twitter.com\/intent\/tweet?text=F%C3%BCnf+Jahre+Marina+Mitan%3A+ein+Synonym+f%C3%BCr+Qualit%C3%A4t%2C+Sicherheit%2C+Angebot+und+Sauberkeit+http%3A%2F%2Fwww.trockenliegeplatze.com%2Fde%2F2022%2F09%2F19%2Ffive-years-of-mitan-marina-a-synonym-for-quality-safety-offer-and-cleanliness%2F\" title=\"X\"><span>X<\/span><\/a><\/li><li class=\"facebook\"><a class=\"icon-facebook \" href=\"#\" data-url=\"http:\/\/www.facebook.com\/sharer\/sharer.php?u=http%3A%2F%2Fwww.trockenliegeplatze.com%2Fde%2F2022%2F09%2F19%2Ffive-years-of-mitan-marina-a-synonym-for-quality-safety-offer-and-cleanliness%2F&amp;title=F%C3%BCnf+Jahre+Marina+Mitan%3A+ein+Synonym+f%C3%BCr+Qualit%C3%A4t%2C+Sicherheit%2C+Angebot+und+Sauberkeit\" title=\"Facebook\"><span>Facebook<\/span><\/a><\/li><li class=\"pinterest\"><a class=\"icon-pinterest \" href=\"#\" data-url=\"http:\/\/pinterest.com\/pin\/create\/bookmarklet\/?media=http%3A%2F%2Fwww.trockenliegeplatze.com%2Fwp-content%2Fuploads%2F2022%2F09%2FScreenshot-2022-08-08-at-10.45.51.png&amp;url=http%3A%2F%2Fwww.trockenliegeplatze.com%2Fde%2F2022%2F09%2F19%2Ffive-years-of-mitan-marina-a-synonym-for-quality-safety-offer-and-cleanliness%2F&amp;is_video=false&amp;description=F%C3%BCnf+Jahre+Marina+Mitan%3A+ein+Synonym+f%C3%BCr+Qualit%C3%A4t%2C+Sicherheit%2C+Angebot+und+Sauberkeit\" title=\"Pinterest\"><span>Pinterest<\/span><\/a><\/li><li class=\"linkedin\"><a class=\"icon-linkedin \" href=\"#\" data-url=\"http:\/\/www.linkedin.com\/shareArticle?mini=true&amp;url=http%3A%2F%2Fwww.trockenliegeplatze.com%2Fde%2F2022%2F09%2F19%2Ffive-years-of-mitan-marina-a-synonym-for-quality-safety-offer-and-cleanliness%2F&amp;title=F%C3%BCnf+Jahre+Marina+Mitan%3A+ein+Synonym+f%C3%BCr+Qualit%C3%A4t%2C+Sicherheit%2C+Angebot+und+Sauberkeit&amp;source=\" title=\"Linkedin\"><span>Linkedin<\/span><\/a><\/li><li class=\"vkontakte\"><a class=\"icon-vkontakte \" href=\"#\" data-url=\"http:\/\/vkontakte.ru\/share.php?url=http%3A%2F%2Fwww.trockenliegeplatze.com%2Fde%2F2022%2F09%2F19%2Ffive-years-of-mitan-marina-a-synonym-for-quality-safety-offer-and-cleanliness%2F\" title=\"Vkontakte\"><span>Vkontakte<\/span><\/a><\/li><\/ul><\/span>\t\t\t\r\n\t\t<\/div><!-- \/ end div  .post_data -->\r\n\t\n\t\t<p>In der Hochsaison sieht die Mitan Marina besser denn je aus. Schon auf den ersten Blick von der Adria-Magistrale kann man mit Leichtigkeit feststellen, dass sich mehr Schiffe in der Marina befinden als in den letzten Jahren. Was das Management der Mitan Marina sicherlich zufrieden stellt, ist die konstante durchschnittliche L\u00e4nge der Schiffe von 12 &#8230; <a class=\"more-link\" href=\"http:\/\/www.trockenliegeplatze.com\/de\/2022\/09\/19\/five-years-of-mitan-marina-a-synonym-for-quality-safety-offer-and-cleanliness\/\">Continue reading<\/a><\/p>\n\t<\/div> \n\n<!-- \/ blog box--><\/article>\n<article id=\"3367\" class=\"col col-sm-6 rt-dynamic post-3367 post type-post status-publish format-standard has-post-thumbnail hentry category-news-de\">\n \n\n<!-- blog box-->\n\n\t\t<figure class=\"featured_image featured_media\">\n\t\t<a id=\"lightbox-784455\" class=\"imgeffect zoom rt_lightbox featured_image\" data-gal-id=\"image_3321\" data-rel=\"rt_lightbox\" title=\"Enlarge Image\" data-title=\"Neue Halle f\u00fcr Yachten vollendet das 360-Grad-Servicekonzept der Marina\" data-sub-html=\"\" data-src=\"\" data-width=\"\" data-height=\"\" data-poster=\"\" data-autoplay=\"\" data-audiotitle=\"\" data-download-url=\"false\" href=\"http:\/\/www.trockenliegeplatze.com\/wp-content\/uploads\/2022\/07\/TUN-2424-v2-1.jpg\"><img decoding=\"async\" src=\"http:\/\/www.trockenliegeplatze.com\/wp-content\/uploads\/2022\/07\/TUN-2424-v2-1-900x506.jpg\" alt=\"\" class=\"\" \/><\/a>\t\t\n\t<\/figure> \n\t\n\n\t\n\t<div class=\"entry-content text no-post-sidebar\">\n\n\t\t<!-- blog headline-->\n\t\t<h2 class=\"entry-title\"><a href=\"http:\/\/www.trockenliegeplatze.com\/de\/2022\/07\/18\/new-hall\/\" rel=\"bookmark\">Neue Halle f\u00fcr Yachten vollendet das 360-Grad-Servicekonzept der Marina<\/a><\/h2> \n\t\t\t\t\n\t\t\r\n\t\t<!-- meta data -->\r\n\t\t<div class=\"post_data\">\r\n\r\n\t\t\t\t\t\t<!-- date -->                                     \r\n\t\t\t<span class=\"icon-line-clock date margin-right20\"><a href=\"http:\/\/www.trockenliegeplatze.com\/de\/2022\/07\/18\/new-hall\/\">Juli 18, 2022<\/a><\/span>\r\n\t\t\t\t\t\t\t\r\n\r\n\t\t\t\t\t\t\t\r\n\t\t\t\t\t\t<!-- categories -->\r\n\t\t\t<span class=\"icon-flow-cascade categories\"><a href=\"http:\/\/www.trockenliegeplatze.com\/de\/category\/news-de\/\" rel=\"category tag\">News<\/a><\/span>\r\n\t\t\t\r\n\t\t\t\r\n\t\t\t\r\n\t\t\t\t\t\t\t<span class=\"social_share icon-line-share\"><ul><li class=\"mail\"><a class=\"icon-mail \" href=\"mailto:?body=http%3A%2F%2Fwww.trockenliegeplatze.com%2Fde%2F2022%2F07%2F18%2Fnew-hall%2F\" title=\"Email\"><span>Email<\/span><\/a><\/li><li class=\"twitter\"><a class=\"icon-twitter \" href=\"#\" data-url=\"http:\/\/twitter.com\/intent\/tweet?text=Neue+Halle+f%C3%BCr+Yachten+vollendet+das+360-Grad-Servicekonzept+der+Marina+http%3A%2F%2Fwww.trockenliegeplatze.com%2Fde%2F2022%2F07%2F18%2Fnew-hall%2F\" title=\"X\"><span>X<\/span><\/a><\/li><li class=\"facebook\"><a class=\"icon-facebook \" href=\"#\" data-url=\"http:\/\/www.facebook.com\/sharer\/sharer.php?u=http%3A%2F%2Fwww.trockenliegeplatze.com%2Fde%2F2022%2F07%2F18%2Fnew-hall%2F&amp;title=Neue+Halle+f%C3%BCr+Yachten+vollendet+das+360-Grad-Servicekonzept+der+Marina\" title=\"Facebook\"><span>Facebook<\/span><\/a><\/li><li class=\"pinterest\"><a class=\"icon-pinterest \" href=\"#\" data-url=\"http:\/\/pinterest.com\/pin\/create\/bookmarklet\/?media=http%3A%2F%2Fwww.trockenliegeplatze.com%2Fwp-content%2Fuploads%2F2022%2F07%2FTUN-2424-v2-1.jpg&amp;url=http%3A%2F%2Fwww.trockenliegeplatze.com%2Fde%2F2022%2F07%2F18%2Fnew-hall%2F&amp;is_video=false&amp;description=Neue+Halle+f%C3%BCr+Yachten+vollendet+das+360-Grad-Servicekonzept+der+Marina\" title=\"Pinterest\"><span>Pinterest<\/span><\/a><\/li><li class=\"linkedin\"><a class=\"icon-linkedin \" href=\"#\" data-url=\"http:\/\/www.linkedin.com\/shareArticle?mini=true&amp;url=http%3A%2F%2Fwww.trockenliegeplatze.com%2Fde%2F2022%2F07%2F18%2Fnew-hall%2F&amp;title=Neue+Halle+f%C3%BCr+Yachten+vollendet+das+360-Grad-Servicekonzept+der+Marina&amp;source=\" title=\"Linkedin\"><span>Linkedin<\/span><\/a><\/li><li class=\"vkontakte\"><a class=\"icon-vkontakte \" href=\"#\" data-url=\"http:\/\/vkontakte.ru\/share.php?url=http%3A%2F%2Fwww.trockenliegeplatze.com%2Fde%2F2022%2F07%2F18%2Fnew-hall%2F\" title=\"Vkontakte\"><span>Vkontakte<\/span><\/a><\/li><\/ul><\/span>\t\t\t\r\n\t\t<\/div><!-- \/ end div  .post_data -->\r\n\t\n\t\t<p>Demn\u00e4chst k\u00f6nnen fast alle Yachten in der Marina Mitan in der Kvarner Bucht bei Novi Vinodolski ein Dach \u00fcber dem Kopf, oder treffender gesagt, \u00fcber dem Deck haben, denn noch im Dezember soll die neue 3.350 Quadratmeter gro\u00dfe Halle als Winterlager f\u00fcr Boote und Yachten fertiggestellt werden. Eigner k\u00f6nnen dann je nach eigenem Gusto entscheiden, &#8230; <a class=\"more-link\" href=\"http:\/\/www.trockenliegeplatze.com\/de\/2022\/07\/18\/new-hall\/\">Continue reading<\/a><\/p>\n\t<\/div> \n\n<!-- \/ blog box--><\/article>\n<article id=\"3371\" class=\"col col-sm-6 rt-dynamic post-3371 post type-post status-publish format-gallery has-post-thumbnail hentry category-news-de post_format-post-format-gallery\">\n \n\n<!-- blog box-->\n\t\n\t\t<figure class=\"featured_image featured_media\">\n\t\t<a id=\"featured-image-3371\" class=\"imgeffect zoom rt_lightbox featured_image\" data-gal-id=\"image_3331\" data-rel=\"rt_lightbox\" title=\"Enlarge Image\" data-title=\"Der Gesch\u00e4ftsf\u00fchrer der Mitan Marina: \u201eWir wollen, dass unsere neue Halle ein Lagerraum f\u00fcr das gesamte Wassergebiet ist\u201c\" data-sub-html=\"\" data-src=\"\" data-width=\"\" data-height=\"\" data-poster=\"\" data-autoplay=\"\" data-audiotitle=\"\" data-download-url=\"false\" href=\"http:\/\/www.trockenliegeplatze.com\/wp-content\/uploads\/2022\/07\/2021-02-06_seahelp_marina-mitan_neue-halle-stellplatz-winter-yacht.jpg-3.webp\"><img decoding=\"async\" src=\"http:\/\/www.trockenliegeplatze.com\/wp-content\/uploads\/2022\/07\/2021-02-06_seahelp_marina-mitan_neue-halle-stellplatz-winter-yacht.jpg-3-900x503.webp\" alt=\"\" class=\"\" \/><\/a>\t<\/figure> \n\t\n\t \n\n\t\n\t<div class=\"entry-content text no-post-sidebar\">\n\n\t\t<!-- blog headline-->\n\t\t<h2 class=\"entry-title\"><a href=\"http:\/\/www.trockenliegeplatze.com\/de\/2021\/06\/14\/mitan-marina-storage-facility\/\" rel=\"bookmark\">Der Gesch\u00e4ftsf\u00fchrer der Mitan Marina: \u201eWir wollen, dass unsere neue Halle ein Lagerraum f\u00fcr das gesamte Wassergebiet ist\u201c<\/a><\/h2> \n\t\t\t\t\n\t\t\r\n\t\t<!-- meta data -->\r\n\t\t<div class=\"post_data\">\r\n\r\n\t\t\t\t\t\t<!-- date -->                                     \r\n\t\t\t<span class=\"icon-line-clock date margin-right20\"><a href=\"http:\/\/www.trockenliegeplatze.com\/de\/2021\/06\/14\/mitan-marina-storage-facility\/\">Juni 14, 2021<\/a><\/span>\r\n\t\t\t\t\t\t\t\r\n\r\n\t\t\t\t\t\t\t\r\n\t\t\t\t\t\t<!-- categories -->\r\n\t\t\t<span class=\"icon-flow-cascade categories\"><a href=\"http:\/\/www.trockenliegeplatze.com\/de\/category\/news-de\/\" rel=\"category tag\">News<\/a><\/span>\r\n\t\t\t\r\n\t\t\t\r\n\t\t\t\r\n\t\t\t\t\t\t\t<span class=\"social_share icon-line-share\"><ul><li class=\"mail\"><a class=\"icon-mail \" href=\"mailto:?body=http%3A%2F%2Fwww.trockenliegeplatze.com%2Fde%2F2021%2F06%2F14%2Fmitan-marina-storage-facility%2F\" title=\"Email\"><span>Email<\/span><\/a><\/li><li class=\"twitter\"><a class=\"icon-twitter \" href=\"#\" data-url=\"http:\/\/twitter.com\/intent\/tweet?text=Der+Gesch%C3%A4ftsf%C3%BChrer+der+Mitan+Marina%3A+%E2%80%9EWir+wollen%2C+dass+unsere+neue+Halle+ein+Lagerraum+f%C3%BCr+das+gesamte+Wassergebiet+ist%E2%80%9C+http%3A%2F%2Fwww.trockenliegeplatze.com%2Fde%2F2021%2F06%2F14%2Fmitan-marina-storage-facility%2F\" title=\"X\"><span>X<\/span><\/a><\/li><li class=\"facebook\"><a class=\"icon-facebook \" href=\"#\" data-url=\"http:\/\/www.facebook.com\/sharer\/sharer.php?u=http%3A%2F%2Fwww.trockenliegeplatze.com%2Fde%2F2021%2F06%2F14%2Fmitan-marina-storage-facility%2F&amp;title=Der+Gesch%C3%A4ftsf%C3%BChrer+der+Mitan+Marina%3A+%E2%80%9EWir+wollen%2C+dass+unsere+neue+Halle+ein+Lagerraum+f%C3%BCr+das+gesamte+Wassergebiet+ist%E2%80%9C\" title=\"Facebook\"><span>Facebook<\/span><\/a><\/li><li class=\"pinterest\"><a class=\"icon-pinterest \" href=\"#\" data-url=\"http:\/\/pinterest.com\/pin\/create\/bookmarklet\/?media=http%3A%2F%2Fwww.trockenliegeplatze.com%2Fwp-content%2Fuploads%2F2022%2F07%2F2021-02-06_seahelp_marina-mitan_neue-halle-stellplatz-winter-yacht.jpg-3.webp&amp;url=http%3A%2F%2Fwww.trockenliegeplatze.com%2Fde%2F2021%2F06%2F14%2Fmitan-marina-storage-facility%2F&amp;is_video=false&amp;description=Der+Gesch%C3%A4ftsf%C3%BChrer+der+Mitan+Marina%3A+%E2%80%9EWir+wollen%2C+dass+unsere+neue+Halle+ein+Lagerraum+f%C3%BCr+das+gesamte+Wassergebiet+ist%E2%80%9C\" title=\"Pinterest\"><span>Pinterest<\/span><\/a><\/li><li class=\"linkedin\"><a class=\"icon-linkedin \" href=\"#\" data-url=\"http:\/\/www.linkedin.com\/shareArticle?mini=true&amp;url=http%3A%2F%2Fwww.trockenliegeplatze.com%2Fde%2F2021%2F06%2F14%2Fmitan-marina-storage-facility%2F&amp;title=Der+Gesch%C3%A4ftsf%C3%BChrer+der+Mitan+Marina%3A+%E2%80%9EWir+wollen%2C+dass+unsere+neue+Halle+ein+Lagerraum+f%C3%BCr+das+gesamte+Wassergebiet+ist%E2%80%9C&amp;source=\" title=\"Linkedin\"><span>Linkedin<\/span><\/a><\/li><li class=\"vkontakte\"><a class=\"icon-vkontakte \" href=\"#\" data-url=\"http:\/\/vkontakte.ru\/share.php?url=http%3A%2F%2Fwww.trockenliegeplatze.com%2Fde%2F2021%2F06%2F14%2Fmitan-marina-storage-facility%2F\" title=\"Vkontakte\"><span>Vkontakte<\/span><\/a><\/li><\/ul><\/span>\t\t\t\r\n\t\t<\/div><!-- \/ end div  .post_data -->\r\n\t\n\t\t<p>Wenn man sich nicht auf dem Meer ausbreiten kann, gibt es keine andere Wahl, als sich an Land auszubreiten. So formuliert es Tomislav Salopek, der Gesch\u00e4ftsf\u00fchrer der Mitan Marina, einem f\u00fcr den \u00f6ffentlichen Verkehr ge\u00f6ffneten Hafen, der sich an der Ausfahrt von Novi Vinodolski befindet. Die Mitan Marina wird, n\u00e4mlich, bald der erste kroatische Bootsanlegeplatz &#8230; <a class=\"more-link\" href=\"http:\/\/www.trockenliegeplatze.com\/de\/2021\/06\/14\/mitan-marina-storage-facility\/\">Continue reading<\/a><\/p>\n\n\t<\/div> \n<!-- \/ blog box--><\/article>\n<\/div>\n[\/vc_column][\/vc_row]<\/p>\n","protected":false},"excerpt":{"rendered":"<p>[vc_row rt_row_background_width=&#8220;fullwidth&#8220; rt_row_content_width=&#8220;fullwidth&#8220; rt_row_style=&#8220;default-style&#8220; rt_row_height=&#8220;min_height&#8220; rt_holder_placement=&#8220;middle&#8220; rt_row_borders=&#8220;&#8220; rt_row_shadows=&#8220;&#8220; rt_column_gaps=&#8220;&#8220; rt_row_paddings=&#8220;true&#8220; rt_bg_effect=&#8220;classic&#8220; rt_transparent_bg=&#8220;&#8220; rt_bg_image_repeat=&#8220;repeat&#8220; rt_bg_size=&#8220;cover&#8220; rt_bg_position=&#8220;right top&#8220; rt_bg_attachment=&#8220;scroll&#8220; rt_bg_video_format=&#8220;self-hosted&#8220; rt_min_row_height=&#8220;500&#8243; rt_bg_color=&#8220;#f4f4f4&#8243;][vc_column rt_col_paddings=&#8220;true&#8220; rt_wrp_col_paddings=&#8220;false&#8220; rt_column_shadow=&#8220;&#8220; rt_border_top=&#8220;&#8220; rt_border_bottom=&#8220;&#8220; rt_border_left=&#8220;&#8220; rt_border_right=&#8220;&#8220; rt_border_top_mobile=&#8220;&#8220; rt_border_bottom_mobile=&#8220;&#8220; rt_border_left_mobile=&#8220;&#8220; rt_border_right_mobile=&#8220;&#8220; rt_bg_image_repeat=&#8220;repeat&#8220; rt_bg_size=&#8220;auto auto&#8220; rt_bg_position=&#8220;right top&#8220; rt_bg_attachment=&#8220;scroll&#8220; rt_padding_top=&#8220;40&#8243; rt_padding_bottom=&#8220;40&#8243; rt_bg_color=&#8220;&#8220; rt_bg_overlay_color=&#8220;&#8220;][\/vc_column][\/vc_row][vc_row rt_row_background_width=&#8220;fullwidth&#8220; rt_row_content_width=&#8220;default&#8220; rt_row_style=&#8220;default-style&#8220; rt_row_height=&#8220;&#8220; rt_row_borders=&#8220;&#8220; rt_row_shadows=&#8220;&#8220; rt_column_gaps=&#8220;&#8220; rt_row_paddings=&#8220;true&#8220; rt_bg_effect=&#8220;shape&#8220; rt_bg_shape=&#8220;cross-right&#8220; rt_bg_custom_alignment=&#8220;top&#8220; rt_transparent_bg=&#8220;&#8220; rt_bg_image_repeat=&#8220;repeat&#8220; rt_bg_size=&#8220;cover&#8220; &#8230; <a class=\"more-link\" href=\"http:\/\/www.trockenliegeplatze.com\/de\/2021\/06\/14\/mitan-marina-storage-facility\/\">Continue reading<\/a><\/p>\n","protected":false},"author":1,"featured_media":0,"parent":0,"menu_order":0,"comment_status":"closed","ping_status":"closed","template":"","meta":{"footnotes":""},"class_list":["post-3362","page","type-page","status-publish","hentry"],"_links":{"self":[{"href":"http:\/\/www.trockenliegeplatze.com\/de\/wp-json\/wp\/v2\/pages\/3362","targetHints":{"allow":["GET"]}}],"collection":[{"href":"http:\/\/www.trockenliegeplatze.com\/de\/wp-json\/wp\/v2\/pages"}],"about":[{"href":"http:\/\/www.trockenliegeplatze.com\/de\/wp-json\/wp\/v2\/types\/page"}],"author":[{"embeddable":true,"href":"http:\/\/www.trockenliegeplatze.com\/de\/wp-json\/wp\/v2\/users\/1"}],"replies":[{"embeddable":true,"href":"http:\/\/www.trockenliegeplatze.com\/de\/wp-json\/wp\/v2\/comments?post=3362"}],"version-history":[{"count":3,"href":"http:\/\/www.trockenliegeplatze.com\/de\/wp-json\/wp\/v2\/pages\/3362\/revisions"}],"predecessor-version":[{"id":3457,"href":"http:\/\/www.trockenliegeplatze.com\/de\/wp-json\/wp\/v2\/pages\/3362\/revisions\/3457"}],"wp:attachment":[{"href":"http:\/\/www.trockenliegeplatze.com\/de\/wp-json\/wp\/v2\/media?parent=3362"}],"curies":[{"name":"wp","href":"https:\/\/api.w.org\/{rel}","templated":true}]}}