{"id":3405,"date":"2016-06-15T03:49:40","date_gmt":"2016-06-15T03:49:40","guid":{"rendered":"http:\/\/www.trockenliegeplatze.com\/dev\/blog-masonry\/"},"modified":"2022-12-01T07:25:30","modified_gmt":"2022-12-01T07:25:30","slug":"blog-masonry","status":"publish","type":"page","link":"http:\/\/www.trockenliegeplatze.com\/it\/blog-masonry\/","title":{"rendered":"Blog Masonry"},"content":{"rendered":"<p>[vc_row rt_row_background_width=&#8221;fullwidth&#8221; rt_row_content_width=&#8221;fullwidth&#8221; rt_row_style=&#8221;default-style&#8221; rt_row_height=&#8221;min_height&#8221; rt_holder_placement=&#8221;middle&#8221; rt_row_borders=&#8221;&#8221; rt_row_shadows=&#8221;&#8221; rt_column_gaps=&#8221;&#8221; rt_row_paddings=&#8221;true&#8221; rt_bg_effect=&#8221;classic&#8221; rt_transparent_bg=&#8221;&#8221; rt_bg_image_repeat=&#8221;repeat&#8221; rt_bg_size=&#8221;cover&#8221; rt_bg_position=&#8221;right top&#8221; rt_bg_attachment=&#8221;scroll&#8221; rt_bg_video_format=&#8221;self-hosted&#8221; rt_min_row_height=&#8221;500&#8243; rt_bg_color=&#8221;#f4f4f4&#8243;][vc_column rt_col_paddings=&#8221;true&#8221; rt_wrp_col_paddings=&#8221;false&#8221; rt_column_shadow=&#8221;&#8221; rt_border_top=&#8221;&#8221; rt_border_bottom=&#8221;&#8221; rt_border_left=&#8221;&#8221; rt_border_right=&#8221;&#8221; rt_border_top_mobile=&#8221;&#8221; rt_border_bottom_mobile=&#8221;&#8221; rt_border_left_mobile=&#8221;&#8221; rt_border_right_mobile=&#8221;&#8221; rt_bg_image_repeat=&#8221;repeat&#8221; rt_bg_size=&#8221;auto auto&#8221; rt_bg_position=&#8221;right top&#8221; rt_bg_attachment=&#8221;scroll&#8221; rt_padding_top=&#8221;40&#8243; rt_padding_bottom=&#8221;40&#8243; rt_bg_color=&#8221;&#8221; rt_bg_overlay_color=&#8221;&#8221;]<div class=\"rt_heading_wrapper style-7\">\n\t\t\t\t\t\t<h1 class=\"rt_heading  aligncenter heading-font style-7\"  style=\"font-size:50px;line-height:70px;\">Mitan marina Blog List<\/h1> \n\t\t\t\t\t<\/div><div class=\"rt_heading_wrapper style-7\">\n\t\t\t\t\t\t<p class=\"rt_heading  aligncenter primary-color secondary-font style-7\"  style=\"font-size:20px;\">Rimani aggiornato leggendo il nostro blog<\/p> \n\t\t\t\t\t<\/div>[\/vc_column][\/vc_row][vc_row rt_row_background_width=&#8221;fullwidth&#8221; rt_row_content_width=&#8221;default&#8221; rt_row_style=&#8221;default-style&#8221; rt_row_height=&#8221;&#8221; rt_row_borders=&#8221;&#8221; rt_row_shadows=&#8221;&#8221; rt_column_gaps=&#8221;&#8221; rt_row_paddings=&#8221;true&#8221; rt_bg_effect=&#8221;shape&#8221; rt_bg_shape=&#8221;cross-right&#8221; rt_bg_custom_alignment=&#8221;top&#8221; rt_transparent_bg=&#8221;&#8221; rt_bg_image_repeat=&#8221;repeat&#8221; rt_bg_size=&#8221;cover&#8221; rt_bg_position=&#8221;right top&#8221; rt_bg_video_format=&#8221;self-hosted&#8221; rt_padding_top=&#8221;40&#8243; rt_padding_bottom=&#8221;40&#8243; rt_bg_shape_color=&#8221;#f4f4f4&#8243;][vc_column rt_col_paddings=&#8221;false&#8221; rt_wrp_col_paddings=&#8221;false&#8221; rt_column_shadow=&#8221;&#8221; rt_border_top=&#8221;&#8221; rt_border_bottom=&#8221;&#8221; rt_border_left=&#8221;&#8221; rt_border_right=&#8221;&#8221; rt_border_top_mobile=&#8221;&#8221; rt_border_bottom_mobile=&#8221;&#8221; rt_border_left_mobile=&#8221;&#8221; rt_border_right_mobile=&#8221;&#8221; rt_bg_image_repeat=&#8221;repeat&#8221; rt_bg_size=&#8221;auto auto&#8221; rt_bg_position=&#8221;right top&#8221; rt_bg_attachment=&#8221;scroll&#8221; rt_bg_color=&#8221;&#8221; rt_bg_overlay_color=&#8221;&#8221;]\n<div id=\"blog-dynamicID-298750\" class=\"blog_list clearfix masonry-gallery\" data-column-width=\"2\">\n<article id=\"3413\" class=\"col col-sm-6 rt-dynamic post-3413 post type-post status-publish format-standard has-post-thumbnail hentry category-news-it\">\n \n\n<!-- blog box-->\n\n\t\t<figure class=\"featured_image featured_media\">\n\t\t<a id=\"lightbox-952928\" class=\"imgeffect zoom rt_lightbox featured_image\" data-gal-id=\"image_3342\" data-rel=\"rt_lightbox\" title=\"Enlarge Image\" data-title=\"Cinque anni di Mitan marina: sinonimo di qualit\u00e0, sicurezza, offerta e pulizia\" data-sub-html=\"\" data-src=\"\" data-width=\"\" data-height=\"\" data-poster=\"\" data-autoplay=\"\" data-audiotitle=\"\" data-download-url=\"false\" href=\"http:\/\/www.trockenliegeplatze.com\/wp-content\/uploads\/2022\/09\/Screenshot-2022-08-08-at-10.45.51.png\"><img decoding=\"async\" src=\"http:\/\/www.trockenliegeplatze.com\/wp-content\/uploads\/2022\/09\/Screenshot-2022-08-08-at-10.45.51-900x596.png\" alt=\"\" class=\"\" \/><\/a>\t\t\n\t<\/figure> \n\t\n\n\t\n\t<div class=\"entry-content text no-post-sidebar\">\n\n\t\t<!-- blog headline-->\n\t\t<h2 class=\"entry-title\"><a href=\"http:\/\/www.trockenliegeplatze.com\/it\/2022\/09\/19\/five-years-of-mitan-marina-a-synonym-for-quality-safety-offer-and-cleanliness\/\" rel=\"bookmark\">Cinque anni di Mitan marina: sinonimo di qualit\u00e0, sicurezza, offerta e pulizia<\/a><\/h2> \n\t\t\t\t\n\t\t\r\n\t\t<!-- meta data -->\r\n\t\t<div class=\"post_data\">\r\n\r\n\t\t\t\t\t\t<!-- date -->                                     \r\n\t\t\t<span class=\"icon-line-clock date margin-right20\"><a href=\"http:\/\/www.trockenliegeplatze.com\/it\/2022\/09\/19\/five-years-of-mitan-marina-a-synonym-for-quality-safety-offer-and-cleanliness\/\">Settembre 19, 2022<\/a><\/span>\r\n\t\t\t\t\t\t\t\r\n\r\n\t\t\t\t\t\t\t\r\n\t\t\t\t\t\t<!-- categories -->\r\n\t\t\t<span class=\"icon-flow-cascade categories\"><a href=\"http:\/\/www.trockenliegeplatze.com\/it\/category\/news-it\/\" rel=\"category tag\">News<\/a><\/span>\r\n\t\t\t\r\n\t\t\t\r\n\t\t\t\r\n\t\t\t\t\t\t\t<span class=\"social_share icon-line-share\"><ul><li class=\"mail\"><a class=\"icon-mail \" href=\"mailto:?body=http%3A%2F%2Fwww.trockenliegeplatze.com%2Fit%2F2022%2F09%2F19%2Ffive-years-of-mitan-marina-a-synonym-for-quality-safety-offer-and-cleanliness%2F\" title=\"Email\"><span>Email<\/span><\/a><\/li><li class=\"twitter\"><a class=\"icon-twitter \" href=\"#\" data-url=\"http:\/\/twitter.com\/intent\/tweet?text=Cinque+anni+di+Mitan+marina%3A+sinonimo+di+qualit%C3%A0%2C+sicurezza%2C+offerta+e+pulizia+http%3A%2F%2Fwww.trockenliegeplatze.com%2Fit%2F2022%2F09%2F19%2Ffive-years-of-mitan-marina-a-synonym-for-quality-safety-offer-and-cleanliness%2F\" title=\"X\"><span>X<\/span><\/a><\/li><li class=\"facebook\"><a class=\"icon-facebook \" href=\"#\" data-url=\"http:\/\/www.facebook.com\/sharer\/sharer.php?u=http%3A%2F%2Fwww.trockenliegeplatze.com%2Fit%2F2022%2F09%2F19%2Ffive-years-of-mitan-marina-a-synonym-for-quality-safety-offer-and-cleanliness%2F&amp;title=Cinque+anni+di+Mitan+marina%3A+sinonimo+di+qualit%C3%A0%2C+sicurezza%2C+offerta+e+pulizia\" title=\"Facebook\"><span>Facebook<\/span><\/a><\/li><li class=\"pinterest\"><a class=\"icon-pinterest \" href=\"#\" data-url=\"http:\/\/pinterest.com\/pin\/create\/bookmarklet\/?media=http%3A%2F%2Fwww.trockenliegeplatze.com%2Fwp-content%2Fuploads%2F2022%2F09%2FScreenshot-2022-08-08-at-10.45.51.png&amp;url=http%3A%2F%2Fwww.trockenliegeplatze.com%2Fit%2F2022%2F09%2F19%2Ffive-years-of-mitan-marina-a-synonym-for-quality-safety-offer-and-cleanliness%2F&amp;is_video=false&amp;description=Cinque+anni+di+Mitan+marina%3A+sinonimo+di+qualit%C3%A0%2C+sicurezza%2C+offerta+e+pulizia\" title=\"Pinterest\"><span>Pinterest<\/span><\/a><\/li><li class=\"linkedin\"><a class=\"icon-linkedin \" href=\"#\" data-url=\"http:\/\/www.linkedin.com\/shareArticle?mini=true&amp;url=http%3A%2F%2Fwww.trockenliegeplatze.com%2Fit%2F2022%2F09%2F19%2Ffive-years-of-mitan-marina-a-synonym-for-quality-safety-offer-and-cleanliness%2F&amp;title=Cinque+anni+di+Mitan+marina%3A+sinonimo+di+qualit%C3%A0%2C+sicurezza%2C+offerta+e+pulizia&amp;source=\" title=\"Linkedin\"><span>Linkedin<\/span><\/a><\/li><li class=\"vkontakte\"><a class=\"icon-vkontakte \" href=\"#\" data-url=\"http:\/\/vkontakte.ru\/share.php?url=http%3A%2F%2Fwww.trockenliegeplatze.com%2Fit%2F2022%2F09%2F19%2Ffive-years-of-mitan-marina-a-synonym-for-quality-safety-offer-and-cleanliness%2F\" title=\"Vkontakte\"><span>Vkontakte<\/span><\/a><\/li><\/ul><\/span>\t\t\t\r\n\t\t<\/div><!-- \/ end div  .post_data -->\r\n\t\n\t\t<p>OVI VINODOLSKI In alta stagione, il porto aperto al traffico pubblico &#8211; la marina Mitan \u00e8 pi\u00f9 bella che mai. Gi\u00e0 al primo sguardo dalla autostrada Adriatica, \u00e8 facile concludere che nel porto turistico ci sono pi\u00f9 navi presenti che in passato. Ci\u00f2 che sicuramente soddisfa il management di Mitan marina sono due cose: la &#8230; <a class=\"more-link\" href=\"http:\/\/www.trockenliegeplatze.com\/it\/2022\/09\/19\/five-years-of-mitan-marina-a-synonym-for-quality-safety-offer-and-cleanliness\/\">Continue reading<\/a><\/p>\n\t<\/div> \n\n<!-- \/ blog box--><\/article>\n<article id=\"3407\" class=\"col col-sm-6 rt-dynamic post-3407 post type-post status-publish format-standard has-post-thumbnail hentry category-news-it\">\n \n\n<!-- blog box-->\n\n\t\t<figure class=\"featured_image featured_media\">\n\t\t<a id=\"lightbox-117073\" class=\"imgeffect zoom rt_lightbox featured_image\" data-gal-id=\"image_3322\" data-rel=\"rt_lightbox\" title=\"Enlarge Image\" data-title=\"La nuova sala per yacht completa il concetto di servizio a 360 gradi della Mitan Marina\" data-sub-html=\"\" data-src=\"\" data-width=\"\" data-height=\"\" data-poster=\"\" data-autoplay=\"\" data-audiotitle=\"\" data-download-url=\"false\" href=\"http:\/\/www.trockenliegeplatze.com\/wp-content\/uploads\/2022\/07\/TUN-2424-v2-1.jpg\"><img decoding=\"async\" src=\"http:\/\/www.trockenliegeplatze.com\/wp-content\/uploads\/2022\/07\/TUN-2424-v2-1-900x506.jpg\" alt=\"\" class=\"\" \/><\/a>\t\t\n\t<\/figure> \n\t\n\n\t\n\t<div class=\"entry-content text no-post-sidebar\">\n\n\t\t<!-- blog headline-->\n\t\t<h2 class=\"entry-title\"><a href=\"http:\/\/www.trockenliegeplatze.com\/it\/2022\/07\/18\/new-hall\/\" rel=\"bookmark\">La nuova sala per yacht completa il concetto di servizio a 360 gradi della Mitan Marina<\/a><\/h2> \n\t\t\t\t\n\t\t\r\n\t\t<!-- meta data -->\r\n\t\t<div class=\"post_data\">\r\n\r\n\t\t\t\t\t\t<!-- date -->                                     \r\n\t\t\t<span class=\"icon-line-clock date margin-right20\"><a href=\"http:\/\/www.trockenliegeplatze.com\/it\/2022\/07\/18\/new-hall\/\">Luglio 18, 2022<\/a><\/span>\r\n\t\t\t\t\t\t\t\r\n\r\n\t\t\t\t\t\t\t\r\n\t\t\t\t\t\t<!-- categories -->\r\n\t\t\t<span class=\"icon-flow-cascade categories\"><a href=\"http:\/\/www.trockenliegeplatze.com\/it\/category\/news-it\/\" rel=\"category tag\">News<\/a><\/span>\r\n\t\t\t\r\n\t\t\t\r\n\t\t\t\r\n\t\t\t\t\t\t\t<span class=\"social_share icon-line-share\"><ul><li class=\"mail\"><a class=\"icon-mail \" href=\"mailto:?body=http%3A%2F%2Fwww.trockenliegeplatze.com%2Fit%2F2022%2F07%2F18%2Fnew-hall%2F\" title=\"Email\"><span>Email<\/span><\/a><\/li><li class=\"twitter\"><a class=\"icon-twitter \" href=\"#\" data-url=\"http:\/\/twitter.com\/intent\/tweet?text=La+nuova+sala+per+yacht+completa+il+concetto+di+servizio+a+360+gradi+della+Mitan+Marina+http%3A%2F%2Fwww.trockenliegeplatze.com%2Fit%2F2022%2F07%2F18%2Fnew-hall%2F\" title=\"X\"><span>X<\/span><\/a><\/li><li class=\"facebook\"><a class=\"icon-facebook \" href=\"#\" data-url=\"http:\/\/www.facebook.com\/sharer\/sharer.php?u=http%3A%2F%2Fwww.trockenliegeplatze.com%2Fit%2F2022%2F07%2F18%2Fnew-hall%2F&amp;title=La+nuova+sala+per+yacht+completa+il+concetto+di+servizio+a+360+gradi+della+Mitan+Marina\" title=\"Facebook\"><span>Facebook<\/span><\/a><\/li><li class=\"pinterest\"><a class=\"icon-pinterest \" href=\"#\" data-url=\"http:\/\/pinterest.com\/pin\/create\/bookmarklet\/?media=http%3A%2F%2Fwww.trockenliegeplatze.com%2Fwp-content%2Fuploads%2F2022%2F07%2FTUN-2424-v2-1.jpg&amp;url=http%3A%2F%2Fwww.trockenliegeplatze.com%2Fit%2F2022%2F07%2F18%2Fnew-hall%2F&amp;is_video=false&amp;description=La+nuova+sala+per+yacht+completa+il+concetto+di+servizio+a+360+gradi+della+Mitan+Marina\" title=\"Pinterest\"><span>Pinterest<\/span><\/a><\/li><li class=\"linkedin\"><a class=\"icon-linkedin \" href=\"#\" data-url=\"http:\/\/www.linkedin.com\/shareArticle?mini=true&amp;url=http%3A%2F%2Fwww.trockenliegeplatze.com%2Fit%2F2022%2F07%2F18%2Fnew-hall%2F&amp;title=La+nuova+sala+per+yacht+completa+il+concetto+di+servizio+a+360+gradi+della+Mitan+Marina&amp;source=\" title=\"Linkedin\"><span>Linkedin<\/span><\/a><\/li><li class=\"vkontakte\"><a class=\"icon-vkontakte \" href=\"#\" data-url=\"http:\/\/vkontakte.ru\/share.php?url=http%3A%2F%2Fwww.trockenliegeplatze.com%2Fit%2F2022%2F07%2F18%2Fnew-hall%2F\" title=\"Vkontakte\"><span>Vkontakte<\/span><\/a><\/li><\/ul><\/span>\t\t\t\r\n\t\t<\/div><!-- \/ end div  .post_data -->\r\n\t\n\t\t<p>Presto quasi tutti gli yacht nella Mitan Marina nella baia del Quarnero vicino a Novi Vinodolski potranno avere un tetto sopra la testa, o pi\u00f9 propriamente, sopra i loro ponti, perch\u00e9 la nuova sala di 3.350 m2 come rimessaggio invernale per le navi e yacht deve essere completato prima della fine di dicembre. I proprietari &#8230; <a class=\"more-link\" href=\"http:\/\/www.trockenliegeplatze.com\/it\/2022\/07\/18\/new-hall\/\">Continue reading<\/a><\/p>\n\t<\/div> \n\n<!-- \/ blog box--><\/article>\n<article id=\"3410\" class=\"col col-sm-6 rt-dynamic post-3410 post type-post status-publish format-gallery has-post-thumbnail hentry category-news-it post_format-post-format-gallery\">\n \n\n<!-- blog box-->\n\t\n\t\t<figure class=\"featured_image featured_media\">\n\t\t<a id=\"featured-image-3410\" class=\"imgeffect zoom rt_lightbox featured_image\" data-gal-id=\"image_3332\" data-rel=\"rt_lightbox\" title=\"Enlarge Image\" data-title=\"Direttore di Mitan Marina: \u201cVogliamo che la nostra nuova sala sia un rimessaggio per l\u2019intera area d\u2019acqua&#8221;\" data-sub-html=\"\" data-src=\"\" data-width=\"\" data-height=\"\" data-poster=\"\" data-autoplay=\"\" data-audiotitle=\"\" data-download-url=\"false\" href=\"http:\/\/www.trockenliegeplatze.com\/wp-content\/uploads\/2022\/07\/2021-02-06_seahelp_marina-mitan_neue-halle-stellplatz-winter-yacht.jpg-3.webp\"><img decoding=\"async\" src=\"http:\/\/www.trockenliegeplatze.com\/wp-content\/uploads\/2022\/07\/2021-02-06_seahelp_marina-mitan_neue-halle-stellplatz-winter-yacht.jpg-3-900x503.webp\" alt=\"\" class=\"\" \/><\/a>\t<\/figure> \n\t\n\t \n\n\t\n\t<div class=\"entry-content text no-post-sidebar\">\n\n\t\t<!-- blog headline-->\n\t\t<h2 class=\"entry-title\"><a href=\"http:\/\/www.trockenliegeplatze.com\/it\/2021\/06\/14\/mitan-marina-storage-facility\/\" rel=\"bookmark\">Direttore di Mitan Marina: \u201cVogliamo che la nostra nuova sala sia un rimessaggio per l\u2019intera area d\u2019acqua&#8221;<\/a><\/h2> \n\t\t\t\t\n\t\t\r\n\t\t<!-- meta data -->\r\n\t\t<div class=\"post_data\">\r\n\r\n\t\t\t\t\t\t<!-- date -->                                     \r\n\t\t\t<span class=\"icon-line-clock date margin-right20\"><a href=\"http:\/\/www.trockenliegeplatze.com\/it\/2021\/06\/14\/mitan-marina-storage-facility\/\">Giugno 14, 2021<\/a><\/span>\r\n\t\t\t\t\t\t\t\r\n\r\n\t\t\t\t\t\t\t\r\n\t\t\t\t\t\t<!-- categories -->\r\n\t\t\t<span class=\"icon-flow-cascade categories\"><a href=\"http:\/\/www.trockenliegeplatze.com\/it\/category\/news-it\/\" rel=\"category tag\">News<\/a><\/span>\r\n\t\t\t\r\n\t\t\t\r\n\t\t\t\r\n\t\t\t\t\t\t\t<span class=\"social_share icon-line-share\"><ul><li class=\"mail\"><a class=\"icon-mail \" href=\"mailto:?body=http%3A%2F%2Fwww.trockenliegeplatze.com%2Fit%2F2021%2F06%2F14%2Fmitan-marina-storage-facility%2F\" title=\"Email\"><span>Email<\/span><\/a><\/li><li class=\"twitter\"><a class=\"icon-twitter \" href=\"#\" data-url=\"http:\/\/twitter.com\/intent\/tweet?text=Direttore+di+Mitan+Marina%3A+%E2%80%9CVogliamo+che+la+nostra+nuova+sala+sia+un+rimessaggio+per+l%E2%80%99intera+area+d%E2%80%99acqua%26%238221%3B+http%3A%2F%2Fwww.trockenliegeplatze.com%2Fit%2F2021%2F06%2F14%2Fmitan-marina-storage-facility%2F\" title=\"X\"><span>X<\/span><\/a><\/li><li class=\"facebook\"><a class=\"icon-facebook \" href=\"#\" data-url=\"http:\/\/www.facebook.com\/sharer\/sharer.php?u=http%3A%2F%2Fwww.trockenliegeplatze.com%2Fit%2F2021%2F06%2F14%2Fmitan-marina-storage-facility%2F&amp;title=Direttore+di+Mitan+Marina%3A+%E2%80%9CVogliamo+che+la+nostra+nuova+sala+sia+un+rimessaggio+per+l%E2%80%99intera+area+d%E2%80%99acqua%26%238221%3B\" title=\"Facebook\"><span>Facebook<\/span><\/a><\/li><li class=\"pinterest\"><a class=\"icon-pinterest \" href=\"#\" data-url=\"http:\/\/pinterest.com\/pin\/create\/bookmarklet\/?media=http%3A%2F%2Fwww.trockenliegeplatze.com%2Fwp-content%2Fuploads%2F2022%2F07%2F2021-02-06_seahelp_marina-mitan_neue-halle-stellplatz-winter-yacht.jpg-3.webp&amp;url=http%3A%2F%2Fwww.trockenliegeplatze.com%2Fit%2F2021%2F06%2F14%2Fmitan-marina-storage-facility%2F&amp;is_video=false&amp;description=Direttore+di+Mitan+Marina%3A+%E2%80%9CVogliamo+che+la+nostra+nuova+sala+sia+un+rimessaggio+per+l%E2%80%99intera+area+d%E2%80%99acqua%26%238221%3B\" title=\"Pinterest\"><span>Pinterest<\/span><\/a><\/li><li class=\"linkedin\"><a class=\"icon-linkedin \" href=\"#\" data-url=\"http:\/\/www.linkedin.com\/shareArticle?mini=true&amp;url=http%3A%2F%2Fwww.trockenliegeplatze.com%2Fit%2F2021%2F06%2F14%2Fmitan-marina-storage-facility%2F&amp;title=Direttore+di+Mitan+Marina%3A+%E2%80%9CVogliamo+che+la+nostra+nuova+sala+sia+un+rimessaggio+per+l%E2%80%99intera+area+d%E2%80%99acqua%26%238221%3B&amp;source=\" title=\"Linkedin\"><span>Linkedin<\/span><\/a><\/li><li class=\"vkontakte\"><a class=\"icon-vkontakte \" href=\"#\" data-url=\"http:\/\/vkontakte.ru\/share.php?url=http%3A%2F%2Fwww.trockenliegeplatze.com%2Fit%2F2021%2F06%2F14%2Fmitan-marina-storage-facility%2F\" title=\"Vkontakte\"><span>Vkontakte<\/span><\/a><\/li><\/ul><\/span>\t\t\t\r\n\t\t<\/div><!-- \/ end div  .post_data -->\r\n\t\n\t\t<p>\u201cQuando non puoi espanderti fino al mare, non c\u2019\u00e8 altra scelta che espanderti sulla terra.\u201d \u00c8 cos\u00ec che Tomislav Salopek lo vede. Lui \u00e8 il direttore di Mitan Marina, il porto aperto al traffico pubblico, situato all\u2019uscita di Novi Vinodolski. Vale a dire, Mitan Marina sar\u00e0 presto il primo ormeggio croato per barche con lo &#8230; <a class=\"more-link\" href=\"http:\/\/www.trockenliegeplatze.com\/it\/2021\/06\/14\/mitan-marina-storage-facility\/\">Continue reading<\/a><\/p>\n\n\t<\/div> \n<!-- \/ blog box--><\/article>\n<\/div>\n[\/vc_column][\/vc_row]<\/p>\n","protected":false},"excerpt":{"rendered":"<p>[vc_row rt_row_background_width=&#8221;fullwidth&#8221; rt_row_content_width=&#8221;fullwidth&#8221; rt_row_style=&#8221;default-style&#8221; rt_row_height=&#8221;min_height&#8221; rt_holder_placement=&#8221;middle&#8221; rt_row_borders=&#8221;&#8221; rt_row_shadows=&#8221;&#8221; rt_column_gaps=&#8221;&#8221; rt_row_paddings=&#8221;true&#8221; rt_bg_effect=&#8221;classic&#8221; rt_transparent_bg=&#8221;&#8221; rt_bg_image_repeat=&#8221;repeat&#8221; rt_bg_size=&#8221;cover&#8221; rt_bg_position=&#8221;right top&#8221; rt_bg_attachment=&#8221;scroll&#8221; rt_bg_video_format=&#8221;self-hosted&#8221; rt_min_row_height=&#8221;500&#8243; rt_bg_color=&#8221;#f4f4f4&#8243;][vc_column rt_col_paddings=&#8221;true&#8221; rt_wrp_col_paddings=&#8221;false&#8221; rt_column_shadow=&#8221;&#8221; rt_border_top=&#8221;&#8221; rt_border_bottom=&#8221;&#8221; rt_border_left=&#8221;&#8221; rt_border_right=&#8221;&#8221; rt_border_top_mobile=&#8221;&#8221; rt_border_bottom_mobile=&#8221;&#8221; rt_border_left_mobile=&#8221;&#8221; rt_border_right_mobile=&#8221;&#8221; rt_bg_image_repeat=&#8221;repeat&#8221; rt_bg_size=&#8221;auto auto&#8221; rt_bg_position=&#8221;right top&#8221; rt_bg_attachment=&#8221;scroll&#8221; rt_padding_top=&#8221;40&#8243; rt_padding_bottom=&#8221;40&#8243; rt_bg_color=&#8221;&#8221; rt_bg_overlay_color=&#8221;&#8221;][\/vc_column][\/vc_row][vc_row rt_row_background_width=&#8221;fullwidth&#8221; rt_row_content_width=&#8221;default&#8221; rt_row_style=&#8221;default-style&#8221; rt_row_height=&#8221;&#8221; rt_row_borders=&#8221;&#8221; rt_row_shadows=&#8221;&#8221; rt_column_gaps=&#8221;&#8221; rt_row_paddings=&#8221;true&#8221; rt_bg_effect=&#8221;shape&#8221; rt_bg_shape=&#8221;cross-right&#8221; rt_bg_custom_alignment=&#8221;top&#8221; rt_transparent_bg=&#8221;&#8221; rt_bg_image_repeat=&#8221;repeat&#8221; rt_bg_size=&#8221;cover&#8221; &#8230; <a class=\"more-link\" href=\"http:\/\/www.trockenliegeplatze.com\/it\/2021\/06\/14\/mitan-marina-storage-facility\/\">Continue reading<\/a><\/p>\n","protected":false},"author":1,"featured_media":0,"parent":0,"menu_order":0,"comment_status":"closed","ping_status":"closed","template":"","meta":{"footnotes":""},"class_list":["post-3405","page","type-page","status-publish","hentry"],"_links":{"self":[{"href":"http:\/\/www.trockenliegeplatze.com\/it\/wp-json\/wp\/v2\/pages\/3405","targetHints":{"allow":["GET"]}}],"collection":[{"href":"http:\/\/www.trockenliegeplatze.com\/it\/wp-json\/wp\/v2\/pages"}],"about":[{"href":"http:\/\/www.trockenliegeplatze.com\/it\/wp-json\/wp\/v2\/types\/page"}],"author":[{"embeddable":true,"href":"http:\/\/www.trockenliegeplatze.com\/it\/wp-json\/wp\/v2\/users\/1"}],"replies":[{"embeddable":true,"href":"http:\/\/www.trockenliegeplatze.com\/it\/wp-json\/wp\/v2\/comments?post=3405"}],"version-history":[{"count":3,"href":"http:\/\/www.trockenliegeplatze.com\/it\/wp-json\/wp\/v2\/pages\/3405\/revisions"}],"predecessor-version":[{"id":3456,"href":"http:\/\/www.trockenliegeplatze.com\/it\/wp-json\/wp\/v2\/pages\/3405\/revisions\/3456"}],"wp:attachment":[{"href":"http:\/\/www.trockenliegeplatze.com\/it\/wp-json\/wp\/v2\/media?parent=3405"}],"curies":[{"name":"wp","href":"https:\/\/api.w.org\/{rel}","templated":true}]}}